{"id":32796,"date":"2022-01-06T20:39:17","date_gmt":"2022-01-07T01:39:17","guid":{"rendered":"https:\/\/mercfx.com\/plan-du-site\/"},"modified":"2022-01-06T20:39:17","modified_gmt":"2022-01-07T01:39:17","slug":"plan-du-site","status":"publish","type":"page","link":"https:\/\/mercfx.com\/fr\/plan-du-site\/","title":{"rendered":"Plan du site"},"content":{"rendered":"<div class=\"wpb-content-wrapper\"><p>[vc_row][vc_column][vc_column_text]<div class=\"wsp-container\"><h2 class=\"wsp-pages-title\">Pages<\/h2>\n<ul class=\"wsp-pages-list\">\n<li class=\"page_item page-item-32453\"><a href=\"https:\/\/mercfx.com\/fr\/a-propos-de-nous\/\">\u00c0 propos de nous<\/a><\/li>\n<li class=\"page_item page-item-32742 page_item_has_children\"><a href=\"https:\/\/mercfx.com\/fr\/accessibilite\/\">Accessibilit\u00e9<\/a>\n<ul class='children'>\n\t<li class=\"page_item page-item-32748 page_item_has_children\"><a href=\"https:\/\/mercfx.com\/fr\/accessibilite\/feedback-des-clients\/\">Feedback Des Clients<\/a>\n\t<ul class='children'>\n\t\t<li class=\"page_item page-item-32754\"><a href=\"https:\/\/mercfx.com\/fr\/accessibilite\/feedback-des-clients\/formulaire-de-commentaires-des-clients\/\">Formulaire de commentaires des clients<\/a><\/li>\n\t<\/ul>\n<\/li>\n\t<li class=\"page_item page-item-32763\"><a href=\"https:\/\/mercfx.com\/fr\/accessibilite\/politique-daccessibilite-des-services-a-la-clientele\/\">Politique D&rsquo;accessibilit\u00e9 Des Services \u00c0 La Client\u00e8le<\/a><\/li>\n\t<li class=\"page_item page-item-32760\"><a href=\"https:\/\/mercfx.com\/fr\/accessibilite\/politique-dutilisation-des-dispositifs-dassistance\/\">Politique d&rsquo;utilisation des dispositifs d&rsquo;assistance<\/a><\/li>\n<\/ul>\n<\/li>\n<li class=\"page_item page-item-32450\"><a href=\"https:\/\/mercfx.com\/fr\/\">Accueil<\/a><\/li>\n<li class=\"page_item page-item-32569\"><a href=\"https:\/\/mercfx.com\/fr\/blog\/\">Blog<\/a><\/li>\n<li class=\"page_item page-item-32574\"><a href=\"https:\/\/mercfx.com\/fr\/carrieres\/\">Carri\u00e8res<\/a><\/li>\n<li class=\"page_item page-item-32493\"><a href=\"https:\/\/mercfx.com\/fr\/nous-contacter\/\">Nous contacter<\/a><\/li>\n<li class=\"page_item page-item-32796\"><a href=\"https:\/\/mercfx.com\/fr\/plan-du-site\/\">Plan du site<\/a><\/li>\n<li class=\"page_item page-item-32656\"><a href=\"https:\/\/mercfx.com\/fr\/politique-de-confidentialite\/\">Politique de confidentialit\u00e9<\/a><\/li>\n<li class=\"page_item page-item-32460\"><a href=\"https:\/\/mercfx.com\/fr\/prestations-de-service\/\">Prestations de service<\/a><\/li>\n<li class=\"page_item page-item-32787\"><a href=\"https:\/\/mercfx.com\/fr\/se-desabonner\/\">Se d\u00e9sabonner<\/a><\/li>\n<li class=\"page_item page-item-32497\"><a href=\"https:\/\/mercfx.com\/fr\/securite\/\">S\u00e9curit\u00e9<\/a><\/li>\n<li class=\"page_item page-item-32784\"><a href=\"https:\/\/mercfx.com\/fr\/termes-et-conditions\/\">termes et conditions<\/a><\/li>\n<\/ul>\n<h2 class=\"wsp-posts-title\">Articles par cat\u00e9gorie<\/h2>\n<ul class=\"wsp-posts-list\">\n\t<li><strong class=\"wsp-category-title\">Cat\u00e9gorie\u00a0: <a href=\"https:\/\/mercfx.com\/fr\/category\/secteurs\/\">Secteurs<\/a><\/strong>\n<ul class=\"wsp-posts-list\">\t\t<li class=\"wsp-post\"><a href=\"https:\/\/mercfx.com\/fr\/voyage\/\">VOYAGE<\/a><\/li>\n\t\t<li class=\"wsp-post\"><a href=\"https:\/\/mercfx.com\/fr\/cabinets-davocats\/\">CABINETS D\u2019AVOCATS<\/a><\/li>\n\t\t<li class=\"wsp-post\"><a href=\"https:\/\/mercfx.com\/fr\/importateurs-et-exportateurs\/\">IMPORTATEURS ET EXPORTATEURS<\/a><\/li>\n\t\t<li class=\"wsp-post\"><a href=\"https:\/\/mercfx.com\/fr\/les-organismes-de-bienfaisance\/\">LES ORGANISMES DE BIENFAISANCE<\/a><\/li>\n\t\t<li class=\"wsp-post\"><a href=\"https:\/\/mercfx.com\/fr\/cabinets-comptables\/\">CABINETS COMPTABLES<\/a><\/li>\n<\/ul><\/li>\n<\/ul>\n<\/div>[\/vc_column_text][\/vc_column][\/vc_row]<\/p>\n<\/div>","protected":false},"excerpt":{"rendered":"<p>[vc_row][vc_column][vc_column_text][\/vc_column_text][\/vc_column][\/vc_row]<\/p>\n","protected":false},"author":1,"featured_media":0,"parent":0,"menu_order":0,"comment_status":"closed","ping_status":"closed","template":"","meta":{"footnotes":""},"class_list":["post-32796","page","type-page","status-publish"],"_links":{"self":[{"href":"https:\/\/mercfx.com\/fr\/wp-json\/wp\/v2\/pages\/32796","targetHints":{"allow":["GET"]}}],"collection":[{"href":"https:\/\/mercfx.com\/fr\/wp-json\/wp\/v2\/pages"}],"about":[{"href":"https:\/\/mercfx.com\/fr\/wp-json\/wp\/v2\/types\/page"}],"author":[{"embeddable":true,"href":"https:\/\/mercfx.com\/fr\/wp-json\/wp\/v2\/users\/1"}],"replies":[{"embeddable":true,"href":"https:\/\/mercfx.com\/fr\/wp-json\/wp\/v2\/comments?post=32796"}],"version-history":[{"count":1,"href":"https:\/\/mercfx.com\/fr\/wp-json\/wp\/v2\/pages\/32796\/revisions"}],"predecessor-version":[{"id":32797,"href":"https:\/\/mercfx.com\/fr\/wp-json\/wp\/v2\/pages\/32796\/revisions\/32797"}],"wp:attachment":[{"href":"https:\/\/mercfx.com\/fr\/wp-json\/wp\/v2\/media?parent=32796"}],"curies":[{"name":"wp","href":"https:\/\/api.w.org\/{rel}","templated":true}]}}