{"id":32754,"date":"2022-01-06T16:20:34","date_gmt":"2022-01-06T21:20:34","guid":{"rendered":"https:\/\/mercfx.com\/accessibilite\/feedback-des-clients\/formulaire-de-commentaires-des-clients\/"},"modified":"2022-01-06T20:10:43","modified_gmt":"2022-01-07T01:10:43","slug":"formulaire-de-commentaires-des-clients","status":"publish","type":"page","link":"https:\/\/mercfx.com\/fr\/accessibilite\/feedback-des-clients\/formulaire-de-commentaires-des-clients\/","title":{"rendered":"Formulaire de commentaires des clients"},"content":{"rendered":"<div class=\"wpb-content-wrapper\"><p>[vc_row css=\u00a0\u00bb.vc_custom_1641517841020{padding-top: 50px !important;}\u00a0\u00bb][vc_column][vc_custom_heading text=\u00a0\u00bbFormulaire de commentaires des clients\u00a0\u00bb google_fonts=\u00a0\u00bbfont_family:Montserrat%3Aregular%2Citalic|font_style:700%20regular%3A700%3Anormal\u00a0\u00bb][vc_column_text css=\u00a0\u00bb.vc_custom_1640885010076{padding-bottom: 20px !important;}\u00a0\u00bb]Merci de visiter Mercantile Exchange. Nous appr\u00e9cions tous nos clients et nous nous effor\u00e7ons de r\u00e9pondre aux besoins de chacun.[\/vc_column_text][vc_column_text el_class=\u00a0\u00bbfeedback-form-checkbox\u00a0\u00bb]\n<div class=\"wpcf7 no-js\" id=\"wpcf7-f32769-o1\" lang=\"fr-FR\" dir=\"ltr\" data-wpcf7-id=\"32769\">\n<div class=\"screen-reader-response\"><p role=\"status\" aria-live=\"polite\" aria-atomic=\"true\"><\/p> <ul><\/ul><\/div>\n<form action=\"\/fr\/wp-json\/wp\/v2\/pages\/32754#wpcf7-f32769-o1\" method=\"post\" class=\"wpcf7-form init\" aria-label=\"Contact form\" novalidate=\"novalidate\" data-status=\"init\">\n<fieldset class=\"hidden-fields-container\"><input type=\"hidden\" name=\"_wpcf7\" value=\"32769\" \/><input type=\"hidden\" name=\"_wpcf7_version\" value=\"6.1\" \/><input type=\"hidden\" name=\"_wpcf7_locale\" value=\"fr_FR\" \/><input type=\"hidden\" name=\"_wpcf7_unit_tag\" value=\"wpcf7-f32769-o1\" \/><input type=\"hidden\" name=\"_wpcf7_container_post\" value=\"0\" \/><input type=\"hidden\" name=\"_wpcf7_posted_data_hash\" value=\"\" \/><input type=\"hidden\" name=\"_wpcf7dtx_version\" value=\"5.0.3\" \/><input type=\"hidden\" name=\"_wpcf7_recaptcha_response\" value=\"\" \/>\n<\/fieldset>\n<label> Veuillez nous indiquer la mani\u00e8re dont vous avez correspondu avec nous ainsi que la date et l'heure de votre visite : (obligatoire)<\/label>\n<span class=\"wpcf7-form-control-wrap\" data-name=\"reasonforvisit\"><textarea cols=\"40\" rows=\"10\" maxlength=\"2000\" class=\"wpcf7-form-control wpcf7-textarea wpcf7-validates-as-required\" aria-required=\"true\" aria-invalid=\"false\" name=\"reasonforvisit\"><\/textarea><\/span>\n\n<label>Avons-nous r\u00e9pondu \u00e0 vos besoins de service client aujourd'hui? (obligatoire)<\/label>\n<span class=\"wpcf7-form-control-wrap\" data-name=\"customer-service\"><span class=\"wpcf7-form-control wpcf7-checkbox wpcf7-validates-as-required\"><span class=\"wpcf7-list-item first\"><label><input type=\"checkbox\" name=\"customer-service[]\" value=\"OUI\" \/><span class=\"wpcf7-list-item-label\">OUI<\/span><\/label><\/span><span class=\"wpcf7-list-item last\"><label><input type=\"checkbox\" name=\"customer-service[]\" value=\"NON\" \/><span class=\"wpcf7-list-item-label\">NON<\/span><\/label><\/span><\/span><\/span>\n\n<label>Notre service client\u00e8le vous a-t-il \u00e9t\u00e9 fourni de mani\u00e8re accessible? (obligatoire)<\/label>\n<span class=\"wpcf7-form-control-wrap\" data-name=\"customer-service-accessible\"><span class=\"wpcf7-form-control wpcf7-checkbox wpcf7-validates-as-required\"><span class=\"wpcf7-list-item first\"><label><input type=\"checkbox\" name=\"customer-service-accessible[]\" value=\"OUI\" \/><span class=\"wpcf7-list-item-label\">OUI<\/span><\/label><\/span><span class=\"wpcf7-list-item\"><label><input type=\"checkbox\" name=\"customer-service-accessible[]\" value=\"QUELQUE CHOSE\" \/><span class=\"wpcf7-list-item-label\">QUELQUE CHOSE<\/span><\/label><\/span><span class=\"wpcf7-list-item last\"><label><input type=\"checkbox\" name=\"customer-service-accessible[]\" value=\"NON (veuillez expliquer ci-dessous)\" \/><span class=\"wpcf7-list-item-label\">NON (veuillez expliquer ci-dessous)<\/span><\/label><\/span><\/span><\/span>\n\n<label>Avez-vous eu des probl\u00e8mes pour acc\u00e9der \u00e0 nos biens et services? (obligatoire)<\/label>\n<span class=\"wpcf7-form-control-wrap\" data-name=\"customer-service-goods\"><span class=\"wpcf7-form-control wpcf7-checkbox wpcf7-validates-as-required\"><span class=\"wpcf7-list-item first\"><label><input type=\"checkbox\" name=\"customer-service-goods[]\" value=\"OUI (veuillez expliquer ci-dessous)\" \/><span class=\"wpcf7-list-item-label\">OUI (veuillez expliquer ci-dessous)<\/span><\/label><\/span><span class=\"wpcf7-list-item\"><label><input type=\"checkbox\" name=\"customer-service-goods[]\" value=\"QUELQUES-UNES (veuillez expliquer ci-dessous)\" \/><span class=\"wpcf7-list-item-label\">QUELQUES-UNES (veuillez expliquer ci-dessous)<\/span><\/label><\/span><span class=\"wpcf7-list-item last\"><label><input type=\"checkbox\" name=\"customer-service-goods[]\" value=\"NON\" \/><span class=\"wpcf7-list-item-label\">NON<\/span><\/label><\/span><\/span><\/span>\n\n<label>Veuillez ajouter tout autre commentaire que vous pourriez avoir :<\/label>\n<span class=\"wpcf7-form-control-wrap\" data-name=\"comments\"><textarea cols=\"40\" rows=\"10\" maxlength=\"2000\" class=\"wpcf7-form-control wpcf7-textarea wpcf7-validates-as-required\" aria-required=\"true\" aria-invalid=\"false\" name=\"comments\"><\/textarea><\/span>\n\n<label>Coordonn\u00e9es (facultatif):<\/label>\n<span class=\"wpcf7-form-control-wrap\" data-name=\"contact-info\"><textarea cols=\"40\" rows=\"10\" maxlength=\"2000\" class=\"wpcf7-form-control wpcf7-textarea wpcf7-validates-as-required\" aria-required=\"true\" aria-invalid=\"false\" name=\"contact-info\"><\/textarea><\/span>\n\n<input class=\"wpcf7-form-control wpcf7-submit has-spinner\" type=\"submit\" value=\"Envoyer\" \/><div class=\"wpcf7-response-output\" aria-hidden=\"true\"><\/div>\n<\/form>\n<\/div>\n[\/vc_column_text][vc_column_text css=\u00a0\u00bb.vc_custom_1640886990553{padding-bottom: 20px !important;}\u00a0\u00bb]Merci,[\/vc_column_text][vc_column_text css=\u00a0\u00bb.vc_custom_1640887004210{padding-bottom: 20px !important;}\u00a0\u00bb]Bourse du commerce[\/vc_column_text][\/vc_column][\/vc_row]<\/p>\n<\/div>","protected":false},"excerpt":{"rendered":"<p>[vc_row css=\u00a0\u00bb.vc_custom_1641517841020{padding-top: 50px !important;}\u00a0\u00bb][vc_column][vc_custom_heading text=\u00a0\u00bbFormulaire de commentaires des clients\u00a0\u00bb google_fonts=\u00a0\u00bbfont_family:Montserrat%3Aregular%2Citalic|font_style:700%20regular%3A700%3Anormal\u00a0\u00bb][vc_column_text css=\u00a0\u00bb.vc_custom_1640885010076{padding-bottom: 20px !important;}\u00a0\u00bb]Merci de visiter&#8230;<\/p>\n","protected":false},"author":2,"featured_media":0,"parent":32748,"menu_order":0,"comment_status":"closed","ping_status":"closed","template":"","meta":{"footnotes":""},"class_list":["post-32754","page","type-page","status-publish"],"_links":{"self":[{"href":"https:\/\/mercfx.com\/fr\/wp-json\/wp\/v2\/pages\/32754","targetHints":{"allow":["GET"]}}],"collection":[{"href":"https:\/\/mercfx.com\/fr\/wp-json\/wp\/v2\/pages"}],"about":[{"href":"https:\/\/mercfx.com\/fr\/wp-json\/wp\/v2\/types\/page"}],"author":[{"embeddable":true,"href":"https:\/\/mercfx.com\/fr\/wp-json\/wp\/v2\/users\/2"}],"replies":[{"embeddable":true,"href":"https:\/\/mercfx.com\/fr\/wp-json\/wp\/v2\/comments?post=32754"}],"version-history":[{"count":5,"href":"https:\/\/mercfx.com\/fr\/wp-json\/wp\/v2\/pages\/32754\/revisions"}],"predecessor-version":[{"id":32781,"href":"https:\/\/mercfx.com\/fr\/wp-json\/wp\/v2\/pages\/32754\/revisions\/32781"}],"up":[{"embeddable":true,"href":"https:\/\/mercfx.com\/fr\/wp-json\/wp\/v2\/pages\/32748"}],"wp:attachment":[{"href":"https:\/\/mercfx.com\/fr\/wp-json\/wp\/v2\/media?parent=32754"}],"curies":[{"name":"wp","href":"https:\/\/api.w.org\/{rel}","templated":true}]}}