{"id":32574,"date":"2021-12-21T21:22:32","date_gmt":"2021-12-22T02:22:32","guid":{"rendered":"https:\/\/mercfx.com\/carrieres\/"},"modified":"2021-12-21T21:22:33","modified_gmt":"2021-12-22T02:22:33","slug":"carrieres","status":"publish","type":"page","link":"https:\/\/mercfx.com\/fr\/carrieres\/","title":{"rendered":"Carri\u00e8res"},"content":{"rendered":"<div class=\"wpb-content-wrapper\"><p>[vc_row full_width=\u00a0\u00bbstretch_row\u00a0\u00bb parallax=\u00a0\u00bbcontent-moving\u00a0\u00bb parallax_image=\u00a0\u00bb31808&Prime;][vc_column][vc_empty_space height=\u00a0\u00bb100px\u00a0\u00bb][vc_custom_heading text=\u00a0\u00bbCarri\u00e8res aupr\u00e8s de Mercantile Exchange\u00a0\u00bb font_container=\u00a0\u00bbtag:h2|text_align:center|color:%23ffffff\u00a0\u00bb use_theme_fonts=\u00a0\u00bbyes\u00a0\u00bb][vc_text_separator title_level=\u00a0\u00bbh5&Prime; title=\u00a0\u00bbMercantile Exchange est actuellement \u00e0 la recherche de talents en ventes financi\u00e8res. Si vous croyez poss\u00e9der une attitude de superstar, dynamique et une capacit\u00e9 in\u00e9gal\u00e9e \u00e0 \u00e9tablir des liens avec des entreprises clientes de niveau C, nous aimerions avoir de vos nouvelles.\u00a0\u00bb color=\u00a0\u00bbcustom\u00a0\u00bb el_width=\u00a0\u00bb80&Prime; accent_color=\u00a0\u00bb#ffffff\u00a0\u00bb el_class=\u00a0\u00bbwhite-off\u00a0\u00bb][vc_empty_space height=\u00a0\u00bb100px\u00a0\u00bb][\/vc_column][\/vc_row][vc_row][vc_column width=\u00a0\u00bb1\/2&Prime;][vc_custom_heading text=\u00a0\u00bb<strong>COMMERCE &#8211; \u00c0 L&rsquo;\u00c9CHELLE NATIONALE<\/strong>\u00a0\u00bb font_container=\u00a0\u00bbtag:h3|text_align:left|color:%23333333&Prime; use_theme_fonts=\u00a0\u00bbyes\u00a0\u00bb][\/vc_column][vc_column width=\u00a0\u00bb1\/2&Prime;][vc_custom_heading text=\u00a0\u00bb<strong>TR\u00c9SORERIE FX<\/strong>\u00a0\u00bb font_container=\u00a0\u00bbtag:h3|text_align:left|color:%23333333&Prime; use_theme_fonts=\u00a0\u00bbyes\u00a0\u00bb][\/vc_column][\/vc_row]<\/p>\n<\/div>","protected":false},"excerpt":{"rendered":"<p>[vc_row full_width=\u00a0\u00bbstretch_row\u00a0\u00bb parallax=\u00a0\u00bbcontent-moving\u00a0\u00bb parallax_image=\u00a0\u00bb31808&Prime;][vc_column][vc_empty_space height=\u00a0\u00bb100px\u00a0\u00bb][vc_custom_heading text=\u00a0\u00bbCarri\u00e8res aupr\u00e8s de Mercantile Exchange\u00a0\u00bb font_container=\u00a0\u00bbtag:h2|text_align:center|color:%23ffffff\u00a0\u00bb use_theme_fonts=\u00a0\u00bbyes\u00a0\u00bb][vc_text_separator title_level=\u00a0\u00bbh5&Prime; title=\u00a0\u00bbMercantile Exchange&#8230;<\/p>\n","protected":false},"author":1,"featured_media":0,"parent":0,"menu_order":0,"comment_status":"closed","ping_status":"closed","template":"","meta":{"footnotes":""},"class_list":["post-32574","page","type-page","status-publish"],"_links":{"self":[{"href":"https:\/\/mercfx.com\/fr\/wp-json\/wp\/v2\/pages\/32574","targetHints":{"allow":["GET"]}}],"collection":[{"href":"https:\/\/mercfx.com\/fr\/wp-json\/wp\/v2\/pages"}],"about":[{"href":"https:\/\/mercfx.com\/fr\/wp-json\/wp\/v2\/types\/page"}],"author":[{"embeddable":true,"href":"https:\/\/mercfx.com\/fr\/wp-json\/wp\/v2\/users\/1"}],"replies":[{"embeddable":true,"href":"https:\/\/mercfx.com\/fr\/wp-json\/wp\/v2\/comments?post=32574"}],"version-history":[{"count":5,"href":"https:\/\/mercfx.com\/fr\/wp-json\/wp\/v2\/pages\/32574\/revisions"}],"predecessor-version":[{"id":32579,"href":"https:\/\/mercfx.com\/fr\/wp-json\/wp\/v2\/pages\/32574\/revisions\/32579"}],"wp:attachment":[{"href":"https:\/\/mercfx.com\/fr\/wp-json\/wp\/v2\/media?parent=32574"}],"curies":[{"name":"wp","href":"https:\/\/api.w.org\/{rel}","templated":true}]}}