{"id":32497,"date":"2021-12-21T13:08:24","date_gmt":"2021-12-21T18:08:24","guid":{"rendered":"https:\/\/mercfx.com\/securite\/"},"modified":"2022-01-06T20:18:04","modified_gmt":"2022-01-07T01:18:04","slug":"securite","status":"publish","type":"page","link":"https:\/\/mercfx.com\/fr\/securite\/","title":{"rendered":"S\u00e9curit\u00e9"},"content":{"rendered":"<div class=\"wpb-content-wrapper\"><p>[vc_row content_placement=\u00a0\u00bbmiddle\u00a0\u00bb css=\u00a0\u00bb.vc_custom_1641518282564{padding-top: 50px !important;}\u00a0\u00bb][vc_column width=\u00a0\u00bb1\/2&Prime;][vc_custom_heading text=\u00a0\u00bbConformit\u00e9\u00a0\u00bb font_container=\u00a0\u00bbtag:h4|text_align:left|color:%23961b12&Prime; use_theme_fonts=\u00a0\u00bbyes\u00a0\u00bb][vc_column_text]Mercantile Exchange Corporation utilise les normes et proc\u00e9dures de conformit\u00e9 les plus strictes dans le but de lutter contre la menace des activit\u00e9s mondiales de blanchiment d\u2019argent et de financement du terrorisme. Notre \u00e9quipe de conformit\u00e9 s\u2019engage \u00e0 int\u00e9grer et \u00e0 mettre en \u0153uvre les meilleures pratiques et politiques de gestion des risques LBC (lutte contre le blanchiment de capitaux), en veillant \u00e0 ce que toutes les transactions suspectes soient d\u00e9tect\u00e9es, \u00e9vit\u00e9es et signal\u00e9es. Nous sommes fiers de cr\u00e9er un sch\u00e9ma de politiques conformes \u00e0 l\u2019efficacit\u00e9 des lois dans les comp\u00e9tences au sein desquelles nous exer\u00e7ons nos activit\u00e9s.<\/p>\n<p>Mercantile Exchange Corporation maintient un engagement ferme \u00e0 l\u2019\u00e9gard du respect des pratiques exemplaires en mati\u00e8re d\u2019assurance qualit\u00e9 de la conformit\u00e9 gr\u00e2ce \u00e0 notre partenariat avec Lexis Nexis et ESC Corporate Services, un chef de file dans la gestion de risques LBC et le contr\u00f4le pr\u00e9alable, fait de Mercantile Exchange Corporation un chef de file commercial de confiance.[\/vc_column_text][\/vc_column][vc_column width=\u00a0\u00bb1\/2&Prime;][vc_single_image image=\u00a0\u00bb32009&Prime; img_size=\u00a0\u00bbfull\u00a0\u00bb alignment=\u00a0\u00bbright\u00a0\u00bb css_animation=\u00a0\u00bbappear\u00a0\u00bb][\/vc_column][\/vc_row][vc_row][vc_column][vc_empty_space height=\u00a0\u00bb80px\u00a0\u00bb][\/vc_column][\/vc_row][vc_row full_width=\u00a0\u00bbstretch_row\u00a0\u00bb content_placement=\u00a0\u00bbmiddle\u00a0\u00bb css=\u00a0\u00bb.vc_custom_1547754105266{padding-top: 50px !important;padding-bottom: 50px !important;background-color: #e0e0e0 !important;}\u00a0\u00bb][vc_column width=\u00a0\u00bb1\/2&Prime;][vc_single_image image=\u00a0\u00bb32012&Prime; img_size=\u00a0\u00bbfull\u00a0\u00bb css_animation=\u00a0\u00bbflipInX\u00a0\u00bb][\/vc_column][vc_column width=\u00a0\u00bb1\/2&Prime;][vc_custom_heading text=\u00a0\u00bbLa s\u00e9curit\u00e9 de vos paiements\u00a0\u00bb font_container=\u00a0\u00bbtag:h5|text_align:left|color:%23961b12&Prime; use_theme_fonts=\u00a0\u00bbyes\u00a0\u00bb css_animation=\u00a0\u00bbfadeInRight\u00a0\u00bb][vc_column_text css_animation=\u00a0\u00bbright-to-left\u00a0\u00bb]Les banques interm\u00e9diaires de Mercantile Exchange Corporation sont membres du r\u00e9seau interbancaire mondial SWIFT compos\u00e9 de plus de 9 000 institutions financi\u00e8res dans plus de 200 pays. Leur statut de premier rang garantit que vos paiements sont effectu\u00e9s rapidement, en toute s\u00e9curit\u00e9 et en toute transparence.[\/vc_column_text][vc_empty_space height=\u00a0\u00bb40px\u00a0\u00bb][vc_custom_heading text=\u00a0\u00bbPaiements \u00e9lectroniques s\u00e9curis\u00e9s\u00a0\u00bb font_container=\u00a0\u00bbtag:h5|text_align:left|color:%23961b12&Prime; use_theme_fonts=\u00a0\u00bbyes\u00a0\u00bb css_animation=\u00a0\u00bbfadeInRight\u00a0\u00bb][vc_column_text css_animation=\u00a0\u00bbright-to-left\u00a0\u00bb]La technologie de couche d\u2019\u00e9change s\u00e9curis\u00e9 (SSL) prot\u00e8ge les informations contre l\u2019interception et le d\u00e9chiffrement. Mercantile en ligne garantit que les renseignements sont communiqu\u00e9s par le biais de canaux s\u00e9curis\u00e9s SSL 128 bits, ce qui garantit un site d\u2019h\u00e9bergement s\u00e9curis\u00e9 pour vos renseignements financiers.<\/p>\n<p>[\/vc_column_text][\/vc_column][\/vc_row][vc_row][vc_column]<div class=\"clearboth\"><\/div><div id=\"thegem-divider-69eceedbcf2be\" class=\"gem-divider   gem-divider-style-1\" style=\"\" ><svg width=\"100%\" height=\"1px\"><line x1=\"0\" x2=\"100%\" y1=\"0\" y2=\"0\" stroke=\"\" stroke-width=\"2\" stroke-linecap=\"black\" stroke-dasharray=\"4, 4\"\/><\/svg><\/div>[vc_custom_heading text=\u00a0\u00bbVoir \u00e9galement\u00a0\u00bb font_container=\u00a0\u00bbtag:h5|text_align:center\u00a0\u00bb use_theme_fonts=\u00a0\u00bbyes\u00a0\u00bb][vc_btn title=\u00a0\u00bbPolitique de confidentialit\u00e9\u00a0\u00bb style=\u00a0\u00bboutline-custom\u00a0\u00bb outline_custom_color=\u00a0\u00bb#961b12&Prime; outline_custom_hover_background=\u00a0\u00bb#ffffff\u00a0\u00bb outline_custom_hover_text=\u00a0\u00bb#333333&Prime; shape=\u00a0\u00bbsquare\u00a0\u00bb size=\u00a0\u00bblg\u00a0\u00bb align=\u00a0\u00bbcenter\u00a0\u00bb i_align=\u00a0\u00bbright\u00a0\u00bb i_icon_fontawesome=\u00a0\u00bb\u00a0\u00bb add_icon=\u00a0\u00bbtrue\u00a0\u00bb link=\u00a0\u00bburl:https%3A%2F%2Fmercfx.com%2Ffr%2Fpolitique-de-confidentialite%2F|title:Politique%20de%20confidentialit%C3%A9&Prime;]<div class=\"clearboth\"><\/div><div id=\"thegem-divider-69eceedbcf351\" class=\"gem-divider   gem-divider-style-1\" style=\"\" ><svg width=\"100%\" height=\"1px\"><line x1=\"0\" x2=\"100%\" y1=\"0\" y2=\"0\" stroke=\"\" stroke-width=\"2\" stroke-linecap=\"black\" stroke-dasharray=\"4, 4\"\/><\/svg><\/div>[\/vc_column][\/vc_row]<\/p>\n<\/div>","protected":false},"excerpt":{"rendered":"<p>[vc_row content_placement=\u00a0\u00bbmiddle\u00a0\u00bb css=\u00a0\u00bb.vc_custom_1641518282564{padding-top: 50px !important;}\u00a0\u00bb][vc_column width=\u00a0\u00bb1\/2&Prime;][vc_custom_heading text=\u00a0\u00bbConformit\u00e9\u00a0\u00bb font_container=\u00a0\u00bbtag:h4|text_align:left|color:%23961b12&Prime; use_theme_fonts=\u00a0\u00bbyes\u00a0\u00bb][vc_column_text]Mercantile Exchange Corporation utilise les normes et&#8230;<\/p>\n","protected":false},"author":1,"featured_media":0,"parent":0,"menu_order":0,"comment_status":"closed","ping_status":"closed","template":"","meta":{"footnotes":""},"class_list":["post-32497","page","type-page","status-publish"],"_links":{"self":[{"href":"https:\/\/mercfx.com\/fr\/wp-json\/wp\/v2\/pages\/32497","targetHints":{"allow":["GET"]}}],"collection":[{"href":"https:\/\/mercfx.com\/fr\/wp-json\/wp\/v2\/pages"}],"about":[{"href":"https:\/\/mercfx.com\/fr\/wp-json\/wp\/v2\/types\/page"}],"author":[{"embeddable":true,"href":"https:\/\/mercfx.com\/fr\/wp-json\/wp\/v2\/users\/1"}],"replies":[{"embeddable":true,"href":"https:\/\/mercfx.com\/fr\/wp-json\/wp\/v2\/comments?post=32497"}],"version-history":[{"count":5,"href":"https:\/\/mercfx.com\/fr\/wp-json\/wp\/v2\/pages\/32497\/revisions"}],"predecessor-version":[{"id":32783,"href":"https:\/\/mercfx.com\/fr\/wp-json\/wp\/v2\/pages\/32497\/revisions\/32783"}],"wp:attachment":[{"href":"https:\/\/mercfx.com\/fr\/wp-json\/wp\/v2\/media?parent=32497"}],"curies":[{"name":"wp","href":"https:\/\/api.w.org\/{rel}","templated":true}]}}