{"id":32493,"date":"2021-12-21T12:37:56","date_gmt":"2021-12-21T17:37:56","guid":{"rendered":"https:\/\/mercfx.com\/nous-contacter\/"},"modified":"2026-04-02T10:56:03","modified_gmt":"2026-04-02T14:56:03","slug":"nous-contacter","status":"publish","type":"page","link":"https:\/\/mercfx.com\/fr\/nous-contacter\/","title":{"rendered":"Nous contacter"},"content":{"rendered":"<div class=\"wpb-content-wrapper\"><p>[vc_row][vc_column]<div id=\"fullwidth-block-69ecdb584a13f\" class=\"fullwidth-block fullwidth-block-parallax-horizontal clearfix\" data-mobile-parallax-enable=\"0\" style=\"padding-top: 150px;padding-bottom: 90px;\"><script type=\"text\/javascript\">if (typeof(gem_fix_fullwidth_position) == \"function\") { gem_fix_fullwidth_position(document.getElementById(\"fullwidth-block-69ecdb584a13f\")); }<\/script><div class=\"fullwidth-block-background\" style=\"background-image: url(https:\/\/mercfx.com\/wp-content\/uploads\/2019\/01\/map-merc.png);background-repeat: no-repeat; background-size: cover;background-position: center top;\"><\/div><div class=\"fullwidth-block-parallax-overlay\" style=\"background-color: rgba(0,0,0,0.65);\"><\/div><div class=\"fullwidth-block-inner\"><div class=\"container\"><div class=\"clearboth\"><\/div><style>#thegem-divider-69ecdb584a314 {margin-top: 80px !important;}<\/style><div id=\"thegem-divider-69ecdb584a314\" class=\"gem-divider  \" style=\"\" ><\/div>[vc_row_inner equal_height=\u00a0\u00bbyes\u00a0\u00bb gap=\u00a0\u00bb35&Prime;][vc_column_inner el_class=\u00a0\u00bbquick\u00a0\u00bb width=\u00a0\u00bb1\/4&Prime; css=\u00a0\u00bb.vc_custom_1461582506541{padding-right: 0px !important;padding-left: 0px !important;}\u00a0\u00bb][\/vc_column_inner][vc_column_inner el_class=\u00a0\u00bb.wpb_widgetised_column\u00a0\u00bb width=\u00a0\u00bb1\/2&Prime; css=\u00a0\u00bb.vc_custom_1548275779290{border-top-width: 2px !important;border-right-width: 2px !important;border-bottom-width: 2px !important;border-left-width: 2px !important;padding-top: 15px !important;padding-right: 15px !important;padding-bottom: 15px !important;padding-left: 15px !important;background-color: rgba(255,255,255,0.88) !important;*background-color: rgb(255,255,255) !important;border-left-color: #a03033 !important;border-left-style: solid !important;border-right-color: #a03033 !important;border-right-style: solid !important;border-top-color: #a03033 !important;border-top-style: solid !important;border-bottom-color: #a03033 !important;border-bottom-style: solid !important;border-radius: 15px !important;}\u00a0\u00bb]<div class=\"centered-box\"><div class=\"gem-icon gem-icon-pack-material gem-icon-size-small  gem-icon-shape-circle\"  style=\"border-color: #a03033;margin-bottom: 30px;opacity: 1;\"><div class=\"gem-icon-inner\" style=\"background-color: #a03033;\"><span class=\"gem-icon-half-1\" style=\"color: #ffffff;\"><span class=\"back-angle\">&#xf3e4;<\/span><\/span><span class=\"gem-icon-half-2\" style=\"color: #ffffff;\"><span class=\"back-angle\">&#xf3e4;<\/span><\/span><\/div><\/div><\/div>[vc_column_text]<\/p>\n<div class=\"title-h5\" style=\"text-align: center;\"><span style=\"color: #a03033;\">CANADA<\/span><\/div>\n<p>[\/vc_column_text]<div class=\"clearboth\"><\/div><style>#thegem-divider-69ecdb584a414 {margin-top: 15px !important;}<\/style><div id=\"thegem-divider-69ecdb584a414\" class=\"gem-divider  \" style=\"\" ><\/div>[vc_column_text css=\u00a0\u00bb\u00a0\u00bb]<\/p>\n<div style=\"text-align: center;\"><span style=\"text-decoration: underline;\"><strong>Toronto<\/strong><\/span><\/div>\n<div class=\"gem-contacts-item\" style=\"text-align: center;\"><strong>1 Yorkville Ave, unit\u00e9 205<\/strong><\/div>\n<div class=\"gem-contacts-item\" style=\"text-align: center;\"><strong>Toronto, Ontario M4W 1G6, Canada<\/strong><\/div>\n<div style=\"text-align: center;\"><\/div>\n<div style=\"text-align: center;\">\n<div class=\"gem-contacts-item gem-contacts-phone\" style=\"text-align: center;\"><strong>T\u00e9l\u00e9phone : +1 416-368-3680 <\/strong><\/div>\n<div class=\"gem-contacts-item gem-contacts-phone\" style=\"text-align: center;\"><strong>1-800-268-2682 (sans frais)<\/strong><\/div>\n<div class=\"gem-contacts-item gem-contacts-fax\" style=\"text-align: center;\"><strong>Fax: +1 416-368-8511<\/strong><\/div>\n<\/div>\n<p>[\/vc_column_text]<div class=\"clearboth\"><\/div><style>#thegem-divider-69ecdb584a466 {margin-top: 15px !important;}<\/style><div id=\"thegem-divider-69ecdb584a466\" class=\"gem-divider  \" style=\"\" ><\/div><div class=\"clearboth\"><\/div><style>#thegem-divider-69ecdb584a4e2 {margin-top: 2px !important;}#thegem-divider-69ecdb584a4e2 {margin-bottom: 2px !important;}<\/style><div id=\"thegem-divider-69ecdb584a4e2\" class=\"gem-divider   gem-divider-style-4\" style=\"border-color: #cecece;\" ><svg width=\"100%\" height=\"8px\"><line x1=\"4\" x2=\"100%\" y1=\"4\" y2=\"4\" stroke=\"#cecece\" stroke-width=\"6\" stroke-linecap=\"round\" stroke-dasharray=\"1, 13\"\/><\/svg><\/div>[vc_column_text]<\/p>\n<div style=\"text-align: center;\">\n<div style=\"text-align: center;\"><span style=\"text-decoration: underline;\"><strong>Vancouver<\/strong><\/span><\/div>\n<div class=\"gem-contacts-item\" style=\"text-align: center;\"><strong><span class=\"ui-provider a b c d e f g h i j k l m n o p q r s t u v w x y z ab ac ae af ag ah ai aj ak\" dir=\"ltr\">910 &#8211; 409 Granville<\/span> Street,<\/strong><\/div>\n<div><strong>Vancouver, BC<span class=\"ui-provider a b c d e f g h i j k l m n o p q r s t u v w x y z ab ac ae af ag ah ai aj ak\" dir=\"ltr\">,V6C 1T2<\/span> <\/strong><strong>Canada<\/strong><\/div>\n<div><\/div>\n<div>\n<div class=\"gem-contacts-item gem-contacts-phone\" style=\"text-align: center;\"><strong>T\u00e9l\u00e9phone : +1 604-706-5010 +1 604-706-5010 <\/strong><\/div>\n<\/div>\n<\/div>\n<p>[\/vc_column_text]<div class=\"clearboth\"><\/div><style>#thegem-divider-69ecdb584a536 {margin-top: 15px !important;}<\/style><div id=\"thegem-divider-69ecdb584a536\" class=\"gem-divider  \" style=\"\" ><\/div><div class=\"clearboth\"><\/div><style>#thegem-divider-69ecdb584a57e {margin-top: 5px !important;}#thegem-divider-69ecdb584a57e {margin-bottom: 2px !important;}<\/style><div id=\"thegem-divider-69ecdb584a57e\" class=\"gem-divider   gem-divider-style-4\" style=\"border-color: #cecece;\" ><svg width=\"100%\" height=\"8px\"><line x1=\"4\" x2=\"100%\" y1=\"4\" y2=\"4\" stroke=\"#cecece\" stroke-width=\"6\" stroke-linecap=\"round\" stroke-dasharray=\"1, 13\"\/><\/svg><\/div>[vc_column_text]<\/p>\n<div style=\"text-align: center;\">\n<div style=\"text-align: center;\"><span style=\"text-decoration: underline;\"><strong>Montr\u00e9al<\/strong><\/span><\/div>\n<div class=\"gem-contacts-item\" style=\"text-align: center;\"><strong>1250 Ren\u00e9-L\u00e9vesque Boul O,<\/strong><\/div>\n<div class=\"gem-contacts-item\" style=\"text-align: center;\"><strong> Montr\u00e9al, QC, H3B 4W8<\/strong> <strong>Canada<\/strong><\/div>\n<div><\/div>\n<div>\n<div class=\"gem-contacts-item gem-contacts-phone\" style=\"text-align: center;\"><strong>T\u00e9l\u00e9phone : +1 514 544-2101<\/strong><\/div>\n<\/div>\n<\/div>\n<p>[\/vc_column_text]<div class=\"clearboth\"><\/div><style>#thegem-divider-69ecdb584a5c6 {margin-top: 5px !important;}#thegem-divider-69ecdb584a5c6 {margin-bottom: 2px !important;}<\/style><div id=\"thegem-divider-69ecdb584a5c6\" class=\"gem-divider   gem-divider-style-4\" style=\"border-color: #cecece;\" ><svg width=\"100%\" height=\"8px\"><line x1=\"4\" x2=\"100%\" y1=\"4\" y2=\"4\" stroke=\"#cecece\" stroke-width=\"6\" stroke-linecap=\"round\" stroke-dasharray=\"1, 13\"\/><\/svg><\/div>[vc_column_text]<\/p>\n<div style=\"text-align: center;\">\n<div style=\"text-align: center;\"><span style=\"text-decoration: underline;\"><strong>Calgary<\/strong><\/span><\/div>\n<div class=\"gem-contacts-item\" style=\"text-align: center;\"><strong>700 2 St SW,<\/strong><\/div>\n<div class=\"gem-contacts-item\" style=\"text-align: center;\"><b>Calgary, AB, T2P 2WP, Canada<\/b><\/div>\n<div><\/div>\n<div>\n<div class=\"gem-contacts-item gem-contacts-phone\" style=\"text-align: center;\"><strong>T\u00e9l\u00e9phone : +1 403 475 4405 +1 403 475 4405<\/strong><\/div>\n<\/div>\n<\/div>\n<p>[\/vc_column_text]<div class=\"clearboth\"><\/div><style>#thegem-divider-69ecdb584a606 {margin-top: 5px !important;}#thegem-divider-69ecdb584a606 {margin-bottom: 2px !important;}<\/style><div id=\"thegem-divider-69ecdb584a606\" class=\"gem-divider   gem-divider-style-4\" style=\"border-color: #cecece;\" ><svg width=\"100%\" height=\"8px\"><line x1=\"4\" x2=\"100%\" y1=\"4\" y2=\"4\" stroke=\"#cecece\" stroke-width=\"6\" stroke-linecap=\"round\" stroke-dasharray=\"1, 13\"\/><\/svg><\/div>[vc_column_text css=\u00a0\u00bb\u00a0\u00bb]<\/p>\n<div style=\"text-align: center;\">\n<div style=\"text-align: center;\"><span style=\"text-decoration: underline;\"><strong>Halifax<\/strong><\/span><\/div>\n<div class=\"gem-contacts-item\" style=\"text-align: center;\">\n<p><strong>1701 Hollis Street, Suite 800<\/strong><\/p>\n<p><strong>Halifax, NS B3J 3N2<\/strong><\/p>\n<\/div>\n<div>\n<div class=\"gem-contacts-item gem-contacts-phone\" style=\"text-align: center;\"><strong>T\u00e9l\u00e9phone : +1 902 332 1264 +1 902 332 1264 <\/strong><\/div>\n<\/div>\n<\/div>\n<p>[\/vc_column_text]<div class=\"clearboth\"><\/div><style>#thegem-divider-69ecdb584a646 {margin-top: 5px !important;}#thegem-divider-69ecdb584a646 {margin-bottom: 2px !important;}<\/style><div id=\"thegem-divider-69ecdb584a646\" class=\"gem-divider   gem-divider-style-4\" style=\"border-color: #cecece;\" ><svg width=\"100%\" height=\"8px\"><line x1=\"4\" x2=\"100%\" y1=\"4\" y2=\"4\" stroke=\"#cecece\" stroke-width=\"6\" stroke-linecap=\"round\" stroke-dasharray=\"1, 13\"\/><\/svg><\/div>[vc_column_text]<\/p>\n<div style=\"text-align: center;\">\n<div class=\"gem-contacts-item gem-contacts-website\" style=\"text-align: center;\"><strong>Heures d&rsquo;ouverture:<\/strong><\/div>\n<\/div>\n<div class=\"gem-contacts-item\" style=\"text-align: center;\"><strong>Du lundi au vendredi : de 8h00 \u00e0 17h00<\/strong><\/div>\n<div class=\"gem-contacts-item\" style=\"text-align: center;\"><strong>Samedi et dimanche : Ferm\u00e9<\/strong><\/div>\n<div><\/div>\n<div style=\"text-align: center;\">\n<div class=\"gem-contacts-item gem-contacts-email\" style=\"text-align: center;\"><strong>Courriel : <a href=\"mailto:info@domain.tld\">info@mercfx.com<\/a><\/strong><\/div>\n<\/div>\n<p>[\/vc_column_text][\/vc_column_inner][vc_column_inner el_class=\u00a0\u00bbquick\u00a0\u00bb width=\u00a0\u00bb1\/4&Prime; css=\u00a0\u00bb.vc_custom_1461582599425{padding-right: 0px !important;padding-left: 0px !important;}\u00a0\u00bb][\/vc_column_inner][\/vc_row_inner]<div class=\"clearboth\"><\/div><style>#thegem-divider-69ecdb584a686 {margin-top: 40px !important;}<\/style><div id=\"thegem-divider-69ecdb584a686\" class=\"gem-divider  \" style=\"\" ><\/div><\/div><\/div><\/div>[\/vc_column][\/vc_row][vc_row full_width=\u00a0\u00bbstretch_row_content_no_spaces\u00a0\u00bb css=\u00a0\u00bb.vc_custom_1547825605092{margin-top: 0px !important;margin-right: 0px !important;margin-bottom: 0px !important;margin-left: 0px !important;padding-top: 0px !important;padding-right: 0px !important;padding-bottom: 0px !important;padding-left: 0px !important;}\u00a0\u00bb][vc_column][vc_gmaps link=\u00a0\u00bb#E-8_JTNDaWZyYW1lJTIwc3JjJTNEJTIyaHR0cHMlM0ElMkYlMkZ3d3cuZ29vZ2xlLmNvbSUyRm1hcHMlMkZkJTJGdSUyRjAlMkZlbWJlZCUzRm1pZCUzRDF4eWQxa2N0aWttV2FJaXY5bXF2bmR6MWhBV1FfUEU1ZiUyMiUyMHdpZHRoJTNEJTIyMTAwJTI1JTIyJTIwaGVpZ2h0JTNEJTIyNDAwJTIyJTNFJTNDJTJGaWZyYW1lJTNF\u00a0\u00bb size=\u00a0\u00bb\u00a0\u00bb hide_title=\u00a0\u00bb1&Prime; style=\u00a0\u00bb2&Prime; disable_scroll=\u00a0\u00bb1&Prime;][\/vc_column][\/vc_row][vc_row css=\u00a0\u00bb.vc_custom_1458285005701{margin-bottom: 0px !important;}\u00a0\u00bb][vc_column css=\u00a0\u00bb.vc_custom_1461423401133{margin-bottom: -1px !important;padding-right: 0px !important;padding-left: 0px !important;}\u00a0\u00bb]<div id=\"fullwidth-block-69ecdb584a71e\" class=\"fullwidth-block clearfix\"  style=\"\"><script type=\"text\/javascript\">if (typeof(gem_fix_fullwidth_position) == \"function\") { gem_fix_fullwidth_position(document.getElementById(\"fullwidth-block-69ecdb584a71e\")); }<\/script><div class=\"gem-video-background\" data-aspect-ratio=\"16:9\"><div class=\"gem-video-background-inner\"><video id=\"thegem-video-frame-69ecdb584a7042565\" autoplay=\"autoplay\" loop=\"loop\" src=\"https:\/\/mercfx.com\/wp-content\/uploads\/2016\/04\/Working-it.mp4\" muted=\"muted\"><\/video><\/div><div class=\"gem-video-background-overlay\" style=\"background-color: rgba(130,0,0,0.75); opacity: 0.87;\"><\/div><\/div><div class=\"fullwidth-block-inner\"><div class=\"container\">[vc_empty_space height=\u00a0\u00bb100px\u00a0\u00bb]<div class=\"clearboth\"><\/div><style>#thegem-divider-69ecdb584a7af {margin-top: 10px !important;}<\/style><div id=\"thegem-divider-69ecdb584a7af\" class=\"gem-divider  \" style=\"\" ><\/div>[vc_row_inner][vc_column_inner width=\u00a0\u00bb1\/6&Prime;][\/vc_column_inner][vc_column_inner width=\u00a0\u00bb2\/3&Prime;][vc_custom_heading text=\u00a0\u00bbNOUS CONTACTER\u00a0\u00bb font_container=\u00a0\u00bbtag:h4|text_align:center|color:%23ffffff\u00a0\u00bb use_theme_fonts=\u00a0\u00bbyes\u00a0\u00bb]\n<div class=\"wpcf7 no-js\" id=\"wpcf7-f32726-o1\" lang=\"fr-FR\" dir=\"ltr\" data-wpcf7-id=\"32726\">\n<div class=\"screen-reader-response\"><p role=\"status\" aria-live=\"polite\" aria-atomic=\"true\"><\/p> <ul><\/ul><\/div>\n<form action=\"\/fr\/wp-json\/wp\/v2\/pages\/32493#wpcf7-f32726-o1\" method=\"post\" class=\"wpcf7-form init\" aria-label=\"Contact form\" novalidate=\"novalidate\" data-status=\"init\">\n<fieldset class=\"hidden-fields-container\"><input type=\"hidden\" name=\"_wpcf7\" value=\"32726\" \/><input type=\"hidden\" name=\"_wpcf7_version\" value=\"6.1\" \/><input type=\"hidden\" name=\"_wpcf7_locale\" value=\"fr_FR\" \/><input type=\"hidden\" name=\"_wpcf7_unit_tag\" value=\"wpcf7-f32726-o1\" \/><input type=\"hidden\" name=\"_wpcf7_container_post\" value=\"0\" \/><input type=\"hidden\" name=\"_wpcf7_posted_data_hash\" value=\"\" \/><input type=\"hidden\" name=\"_wpcf7dtx_version\" value=\"5.0.3\" \/><input type=\"hidden\" name=\"_wpcf7_recaptcha_response\" value=\"\" \/>\n<\/fieldset>\n<div class=\"form-sidebar center\">\n\n<p><span class=\"wpcf7-form-control-wrap\" data-name=\"name\"><input size=\"40\" maxlength=\"400\" class=\"wpcf7-form-control wpcf7-text wpcf7-validates-as-required\" aria-required=\"true\" aria-invalid=\"false\" placeholder=\"Nom*\" value=\"\" type=\"text\" name=\"name\" \/><\/span><\/p>\n\n<p><span class=\"wpcf7-form-control-wrap\" data-name=\"email\"><input size=\"40\" maxlength=\"400\" class=\"wpcf7-form-control wpcf7-email wpcf7-validates-as-required wpcf7-text wpcf7-validates-as-email\" aria-required=\"true\" aria-invalid=\"false\" placeholder=\"Email*\" value=\"\" type=\"email\" name=\"email\" \/><\/span> <\/p>\n\n<p><span class=\"wpcf7-form-control-wrap\" data-name=\"Phone\"><input size=\"40\" maxlength=\"400\" class=\"wpcf7-form-control wpcf7-tel wpcf7-validates-as-required wpcf7-text wpcf7-validates-as-tel\" aria-required=\"true\" aria-invalid=\"false\" placeholder=\"Num\u00e9ro de t\u00e9l\u00e9phone*\" value=\"\" type=\"tel\" name=\"Phone\" \/><\/span> <\/p>\n\n<p><span class=\"wpcf7-form-control-wrap\" data-name=\"company\"><input size=\"40\" maxlength=\"400\" class=\"wpcf7-form-control wpcf7-text wpcf7-validates-as-required\" aria-required=\"true\" aria-invalid=\"false\" placeholder=\"Entreprise*\" value=\"\" type=\"text\" name=\"company\" \/><\/span> <\/p>\n\n<p><span class=\"wpcf7-form-control-wrap\" data-name=\"your-message\"><textarea cols=\"40\" rows=\"10\" maxlength=\"2000\" class=\"wpcf7-form-control wpcf7-textarea wpcf7-validates-as-required\" aria-required=\"true\" aria-invalid=\"false\" placeholder=\"Message*\" name=\"your-message\"><\/textarea><\/span> <\/p>\n\n<p><\/p>\n\n<p class=\"center\"><input class=\"wpcf7-form-control wpcf7-submit has-spinner\" type=\"submit\" value=\"Envoyer\" \/><\/p>\n<\/div><div class=\"wpcf7-response-output\" aria-hidden=\"true\"><\/div>\n<\/form>\n<\/div>\n[\/vc_column_inner][vc_column_inner width=\u00a0\u00bb1\/6&Prime;][\/vc_column_inner][\/vc_row_inner]<div class=\"clearboth\"><\/div><style>#thegem-divider-69ecdb584c061 {margin-top: 20px !important;}<\/style><div id=\"thegem-divider-69ecdb584c061\" class=\"gem-divider  \" style=\"\" ><\/div>[vc_empty_space height=\u00a0\u00bb100px\u00a0\u00bb]<\/div><\/div><\/div>[\/vc_column][\/vc_row]<\/p>\n<\/div>","protected":false},"excerpt":{"rendered":"<p>[vc_row][vc_column][\/vc_column][\/vc_row][vc_row full_width=\u00a0\u00bbstretch_row_content_no_spaces\u00a0\u00bb css=\u00a0\u00bb.vc_custom_1547825605092{margin-top: 0px !important;margin-right: 0px !important;margin-bottom: 0px !important;margin-left: 0px !important;padding-top: 0px !important;padding-right: 0px !important;padding-bottom:&#8230;<\/p>\n","protected":false},"author":1,"featured_media":0,"parent":0,"menu_order":0,"comment_status":"closed","ping_status":"closed","template":"","meta":{"footnotes":""},"class_list":["post-32493","page","type-page","status-publish"],"_links":{"self":[{"href":"https:\/\/mercfx.com\/fr\/wp-json\/wp\/v2\/pages\/32493","targetHints":{"allow":["GET"]}}],"collection":[{"href":"https:\/\/mercfx.com\/fr\/wp-json\/wp\/v2\/pages"}],"about":[{"href":"https:\/\/mercfx.com\/fr\/wp-json\/wp\/v2\/types\/page"}],"author":[{"embeddable":true,"href":"https:\/\/mercfx.com\/fr\/wp-json\/wp\/v2\/users\/1"}],"replies":[{"embeddable":true,"href":"https:\/\/mercfx.com\/fr\/wp-json\/wp\/v2\/comments?post=32493"}],"version-history":[{"count":16,"href":"https:\/\/mercfx.com\/fr\/wp-json\/wp\/v2\/pages\/32493\/revisions"}],"predecessor-version":[{"id":32881,"href":"https:\/\/mercfx.com\/fr\/wp-json\/wp\/v2\/pages\/32493\/revisions\/32881"}],"wp:attachment":[{"href":"https:\/\/mercfx.com\/fr\/wp-json\/wp\/v2\/media?parent=32493"}],"curies":[{"name":"wp","href":"https:\/\/api.w.org\/{rel}","templated":true}]}}